{"id":575,"date":"2020-11-05T17:57:18","date_gmt":"2020-11-05T16:57:18","guid":{"rendered":"http:\/\/www.gasthof-graf.at\/?page_id=575"},"modified":"2026-01-26T11:58:08","modified_gmt":"2026-01-26T10:58:08","slug":"speisekarte","status":"publish","type":"page","link":"https:\/\/www.gasthof-graf.at\/?page_id=575","title":{"rendered":"Speisekarte"},"content":{"rendered":"\n<p>Unsere K\u00fcchenzeiten:<\/p>\n\n\n\n<p>Montag: 17:00 &#8211; 20:30 h<br>Dienstag: 17:00 &#8211; 20:30 h<br>Mittwoch:  17:00 &#8211; 20:30 h  <br>Donnerstag:  17:00 &#8211; 20:30 h <\/p>\n\n\n\n<p>Samstag, Sonn- und Feiertag: Kleine Fr\u00fchst\u00fcckskarte bis 11:30 h (ge\u00f6ffnet bis 12:00 h)<\/p>\n\n\n\n<p>Urlaub (Restaurant): 30.01.2026 &#8211; 06.02.2026 (Hotel hat ge\u00f6ffnet)<\/p>\n\n\n\n<p><\/p>\n\n\n\n<figure class=\"wp-block-table is-style-stripes\"><table><tbody><tr><td><\/td><td><\/td><\/tr><tr><td>LEBERKN\u00d6DEL- oder FRITTATENSUPPE,<br>KNOBLAUCHCREMESUPPE<\/td><td>3,90 \u20ac<\/td><\/tr><tr><td>Gebackener KARPFEN aus dem Waldviertel (filetiert)<br>mit Salatteller und Sauce Tartar<\/td><td>17,60 \u20ac<\/td><\/tr><tr><td>Gegrillte SCHWEINSMEDAILLONS mit Pfeffersauce, Bratkartoffeln,<br>Reis und Speckfisolen<\/td><td>18,90 \u20ac<\/td><\/tr><tr><td>\u201eWIENER SCHNITZEL\u201c (Schwein oder Huhn)<br>mit Pommes frites<\/td><td>11,20 \u20ac<\/td><\/tr><tr><td>CORDON BLEU (vom Schwein)<br>gef\u00fcllt mit Schinken und K\u00e4se mit Pommes frites<\/td><td>13,10 \u20ac<\/td><\/tr><tr><td>SCHWEINSBRATEN <br>mit Kn\u00f6del und Salat (auf Anfrage)<\/td><td>13,70 \u20ac<\/td><\/tr><tr><td>H\u00dcHNERFILET in Sesampanade<br>mit Potato-Wedges, Ananas-Curryreis<br>und s\u00fc\u00dfer Chilisauce<\/td><td>15,40 \u20ac<\/td><\/tr><tr><td>HERRENGULASCH (Rindsgulasch)<br>mit Spiegelei, Pfefferoni und Einsp\u00e4nner W\u00fcrstel<\/td><td>12,70 \u20ac<\/td><\/tr><tr><td>ZANDER &#8222;M\u00fcllerin&#8220; mit Petersilerd\u00e4pfeln<br>und Kr\u00e4uterbutter, garniert<\/td><td>17,20 \u20ac<\/td><\/tr><tr><td>GRILL-Ci (Cevapcici) mit Pommes frites,<br>Zwiebel\/Senf und Pu\u00dftasalat<\/td><td>9,80 \u20ac<\/td><\/tr><tr><td>BERNER W\u00dcRSTEL (2 Stk.) mit Pommes frites, <br>Zwiebel\/Senf und Pu\u00dftasalat<\/td><td>9,80 \u20ac<\/td><\/tr><tr><td>&#8222;HAUSSALAT&#8220; mit Joghurtdressing<br>und gegrillten oder gebackenen H\u00fchnerbruststreifen<\/td><td>9,50 \u20ac<\/td><\/tr><tr><td>&#8222;WEINVIERTLER SALAT&#8220; mit knusprigem Speck, Spiegelei<br>Bratkartoffeln und ger\u00f6steten K\u00fcrbiskernen<\/td><td>9,50 \u20ac<\/td><\/tr><tr><td>GEBACKENER EMMENTALER<br>mit Pommes frites und Preiselbeeren, garniert<\/td><td>13,60 \u20ac<\/td><\/tr><tr><td>GEM\u00dcSELAIBCHEN mit Salatgarnitur,<br>Petersilerd\u00e4pfeln und Sauce Tartar<\/td><td>11,20 \u20ac<\/td><\/tr><tr><td>Gemischter SALATTELLER<\/td><td>4,00 \u20ac<\/td><\/tr><tr><td>1 Stk. Palatschinke mit Marmelade<\/td><td>3,30 \u20ac<\/td><\/tr><tr><td>Hausgemachte MALAKOFFTORTE<\/td><td>4,20 \u20ac<\/td><\/tr><tr><td>APFEL- oder TOPFENSTRUDEL<\/td><td>3,50 \u20ac<\/td><\/tr><tr><td>&#8211; mit Vanillesauce<\/td><td>4,90 \u20ac<\/td><\/tr><tr><td>Einwegbox<\/td><td>0,80 \u20ac<\/td><\/tr><tr><td>Papiersackerl zum Tragen<\/td><td>0,80 \u20ac<\/td><\/tr><\/tbody><\/table><\/figure>\n","protected":false},"excerpt":{"rendered":"<p>Unsere K\u00fcchenzeiten: Montag: 17:00 &#8211; 20:30 hDienstag: 17:00 &#8211; 20:30 hMittwoch: 17:00 &#8211; 20:30 h Donnerstag: 17:00 &#8211; 20:30 h Samstag, Sonn- und Feiertag: Kleine Fr\u00fchst\u00fcckskarte bis 11:30 h (ge\u00f6ffnet bis 12:00 h) Urlaub (Restaurant): 30.01.2026 &#8211; 06.02.2026 (Hotel hat&hellip; <\/p>\n","protected":false},"author":4,"featured_media":0,"parent":24,"menu_order":0,"comment_status":"closed","ping_status":"closed","template":"","meta":{"footnotes":""},"_links":{"self":[{"href":"https:\/\/www.gasthof-graf.at\/index.php?rest_route=\/wp\/v2\/pages\/575"}],"collection":[{"href":"https:\/\/www.gasthof-graf.at\/index.php?rest_route=\/wp\/v2\/pages"}],"about":[{"href":"https:\/\/www.gasthof-graf.at\/index.php?rest_route=\/wp\/v2\/types\/page"}],"author":[{"embeddable":true,"href":"https:\/\/www.gasthof-graf.at\/index.php?rest_route=\/wp\/v2\/users\/4"}],"replies":[{"embeddable":true,"href":"https:\/\/www.gasthof-graf.at\/index.php?rest_route=%2Fwp%2Fv2%2Fcomments&post=575"}],"version-history":[{"count":152,"href":"https:\/\/www.gasthof-graf.at\/index.php?rest_route=\/wp\/v2\/pages\/575\/revisions"}],"predecessor-version":[{"id":1179,"href":"https:\/\/www.gasthof-graf.at\/index.php?rest_route=\/wp\/v2\/pages\/575\/revisions\/1179"}],"up":[{"embeddable":true,"href":"https:\/\/www.gasthof-graf.at\/index.php?rest_route=\/wp\/v2\/pages\/24"}],"wp:attachment":[{"href":"https:\/\/www.gasthof-graf.at\/index.php?rest_route=%2Fwp%2Fv2%2Fmedia&parent=575"}],"curies":[{"name":"wp","href":"https:\/\/api.w.org\/{rel}","templated":true}]}}