{"id":70,"date":"2016-03-01T21:49:31","date_gmt":"2016-03-01T20:49:31","guid":{"rendered":"http:\/\/www.gasthof-graf.at\/?page_id=70"},"modified":"2018-10-12T20:34:14","modified_gmt":"2018-10-12T19:34:14","slug":"hotel","status":"publish","type":"page","link":"https:\/\/www.gasthof-graf.at\/?page_id=70","title":{"rendered":"Hotel"},"content":{"rendered":"<p><img loading=\"lazy\" decoding=\"async\" class=\"aligncenter wp-image-43 size-full\" src=\"http:\/\/www.gasthof-graf.at\/wp-content\/DSC3088_2-1.jpg\" alt=\"_DSC3088_2\" width=\"1015\" height=\"469\" srcset=\"https:\/\/www.gasthof-graf.at\/wp-content\/DSC3088_2-1.jpg 1015w, https:\/\/www.gasthof-graf.at\/wp-content\/DSC3088_2-1-300x139.jpg 300w, https:\/\/www.gasthof-graf.at\/wp-content\/DSC3088_2-1-768x355.jpg 768w\" sizes=\"(max-width: 1015px) 100vw, 1015px\" \/><\/p>\n\n\t\t<style type=\"text\/css\">\n\t\t\t#gallery-1 {\n\t\t\t\tmargin: auto;\n\t\t\t}\n\t\t\t#gallery-1 .gallery-item {\n\t\t\t\tfloat: left;\n\t\t\t\tmargin-top: 10px;\n\t\t\t\ttext-align: center;\n\t\t\t\twidth: 25%;\n\t\t\t}\n\t\t\t#gallery-1 img {\n\t\t\t\tborder: 2px solid #cfcfcf;\n\t\t\t}\n\t\t\t#gallery-1 .gallery-caption {\n\t\t\t\tmargin-left: 0;\n\t\t\t}\n\t\t\t\/* see gallery_shortcode() in wp-includes\/media.php *\/\n\t\t<\/style>\n\t\t<div id='gallery-1' class='gallery galleryid-70 gallery-columns-4 gallery-size-thumbnail'><dl class='gallery-item'>\n\t\t\t<dt class='gallery-icon landscape'>\n\t\t\t\t<a href='https:\/\/www.gasthof-graf.at\/wp-content\/DSC3054.jpg'><img loading=\"lazy\" decoding=\"async\" width=\"150\" height=\"150\" src=\"https:\/\/www.gasthof-graf.at\/wp-content\/DSC3054-150x150.jpg\" class=\"attachment-thumbnail size-thumbnail\" alt=\"\" srcset=\"https:\/\/www.gasthof-graf.at\/wp-content\/DSC3054-150x150.jpg 150w, https:\/\/www.gasthof-graf.at\/wp-content\/DSC3054-100x100.jpg 100w\" sizes=\"(max-width: 150px) 100vw, 150px\" \/><\/a>\n\t\t\t<\/dt><\/dl><dl class='gallery-item'>\n\t\t\t<dt class='gallery-icon landscape'>\n\t\t\t\t<a href='https:\/\/www.gasthof-graf.at\/wp-content\/DSC3061.jpg'><img loading=\"lazy\" decoding=\"async\" width=\"150\" height=\"150\" src=\"https:\/\/www.gasthof-graf.at\/wp-content\/DSC3061-150x150.jpg\" class=\"attachment-thumbnail size-thumbnail\" alt=\"\" srcset=\"https:\/\/www.gasthof-graf.at\/wp-content\/DSC3061-150x150.jpg 150w, https:\/\/www.gasthof-graf.at\/wp-content\/DSC3061-100x100.jpg 100w\" sizes=\"(max-width: 150px) 100vw, 150px\" \/><\/a>\n\t\t\t<\/dt><\/dl><dl class='gallery-item'>\n\t\t\t<dt class='gallery-icon landscape'>\n\t\t\t\t<a href='https:\/\/www.gasthof-graf.at\/wp-content\/DSC3084.jpg'><img loading=\"lazy\" decoding=\"async\" width=\"150\" height=\"150\" src=\"https:\/\/www.gasthof-graf.at\/wp-content\/DSC3084-150x150.jpg\" class=\"attachment-thumbnail size-thumbnail\" alt=\"\" srcset=\"https:\/\/www.gasthof-graf.at\/wp-content\/DSC3084-150x150.jpg 150w, https:\/\/www.gasthof-graf.at\/wp-content\/DSC3084-100x100.jpg 100w\" sizes=\"(max-width: 150px) 100vw, 150px\" \/><\/a>\n\t\t\t<\/dt><\/dl><dl class='gallery-item'>\n\t\t\t<dt class='gallery-icon landscape'>\n\t\t\t\t<a href='https:\/\/www.gasthof-graf.at\/wp-content\/DSC3102.jpg'><img loading=\"lazy\" decoding=\"async\" width=\"150\" height=\"150\" src=\"https:\/\/www.gasthof-graf.at\/wp-content\/DSC3102-150x150.jpg\" class=\"attachment-thumbnail size-thumbnail\" alt=\"\" srcset=\"https:\/\/www.gasthof-graf.at\/wp-content\/DSC3102-150x150.jpg 150w, https:\/\/www.gasthof-graf.at\/wp-content\/DSC3102-100x100.jpg 100w\" sizes=\"(max-width: 150px) 100vw, 150px\" \/><\/a>\n\t\t\t<\/dt><\/dl><br style=\"clear: both\" \/>\n\t\t<\/div>\n\n<p>&nbsp;<\/p>\n<p>Die G\u00e4stezimmer unseres Hotels befinden sich im Nebengeb\u00e4ude mit Lift und verf\u00fcgen \u00fcber Dusche\/WC, Telefon und moderne TV-Flachbildschirm-Ger\u00e4te.<\/p>\n<p>WLAN stellen wir Ihnen im gesamten Hotelbereich gratis zur Verf\u00fcgung.<\/p>\n","protected":false},"excerpt":{"rendered":"<p>&nbsp; Die G\u00e4stezimmer unseres Hotels befinden sich im Nebengeb\u00e4ude mit Lift und verf\u00fcgen \u00fcber Dusche\/WC, Telefon und moderne TV-Flachbildschirm-Ger\u00e4te. WLAN stellen wir Ihnen im gesamten Hotelbereich gratis zur Verf\u00fcgung.<\/p>\n","protected":false},"author":4,"featured_media":0,"parent":0,"menu_order":0,"comment_status":"closed","ping_status":"closed","template":"","meta":{"footnotes":""},"_links":{"self":[{"href":"https:\/\/www.gasthof-graf.at\/index.php?rest_route=\/wp\/v2\/pages\/70"}],"collection":[{"href":"https:\/\/www.gasthof-graf.at\/index.php?rest_route=\/wp\/v2\/pages"}],"about":[{"href":"https:\/\/www.gasthof-graf.at\/index.php?rest_route=\/wp\/v2\/types\/page"}],"author":[{"embeddable":true,"href":"https:\/\/www.gasthof-graf.at\/index.php?rest_route=\/wp\/v2\/users\/4"}],"replies":[{"embeddable":true,"href":"https:\/\/www.gasthof-graf.at\/index.php?rest_route=%2Fwp%2Fv2%2Fcomments&post=70"}],"version-history":[{"count":4,"href":"https:\/\/www.gasthof-graf.at\/index.php?rest_route=\/wp\/v2\/pages\/70\/revisions"}],"predecessor-version":[{"id":395,"href":"https:\/\/www.gasthof-graf.at\/index.php?rest_route=\/wp\/v2\/pages\/70\/revisions\/395"}],"wp:attachment":[{"href":"https:\/\/www.gasthof-graf.at\/index.php?rest_route=%2Fwp%2Fv2%2Fmedia&parent=70"}],"curies":[{"name":"wp","href":"https:\/\/api.w.org\/{rel}","templated":true}]}}